{"id":27,"date":"2017-08-25T15:18:04","date_gmt":"2017-08-25T12:18:04","guid":{"rendered":"https:\/\/www.bevera.fi\/svenska\/?page_id=27"},"modified":"2023-08-25T08:43:28","modified_gmt":"2023-08-25T05:43:28","slug":"pumpstationer","status":"publish","type":"page","link":"https:\/\/www.bevera.fi\/svenska\/pumpstationer\/","title":{"rendered":"Pumpstationer"},"content":{"rendered":"<p>Bevera Oy ger r\u00e5d om dimensionering och pumpval av avloppspumpstationer f\u00f6r fastigheter.<\/p>\n<p>Vi dimensionerar funktionella l\u00f6sningar f\u00f6r s\u00e5v\u00e4l individuella l\u00f6sningar kopplade till kommunala avloppssystem<br \/>\nsom pumpstationer anslutna till tryckavloppssystem (LPS).<\/p>\n<p>Vi levererar \u00e4ven funktionella och prisv\u00e4rda pumpstationer i samarbete med v\u00e4lk\u00e4nda pumptillverkare.<\/p>\n","protected":false},"excerpt":{"rendered":"<p>Bevera Oy ger r\u00e5d om dimensionering och pumpval av avloppspumpstationer f\u00f6r fastigheter. Vi dimensionerar funktionella l\u00f6sningar f\u00f6r s\u00e5v\u00e4l individuella l\u00f6sningar kopplade till kommunala avloppssystem som pumpstationer anslutna till tryckavloppssystem (LPS). Vi levererar \u00e4ven funktionella och prisv\u00e4rda pumpstationer i samarbete med v\u00e4lk\u00e4nda pumptillverkare.<\/p>\n","protected":false},"author":1,"featured_media":0,"parent":0,"menu_order":0,"comment_status":"closed","ping_status":"closed","template":"","meta":{"footnotes":""},"class_list":["post-27","page","type-page","status-publish","hentry"],"yoast_head":"<!-- This site is optimized with the Yoast SEO plugin v27.6 - https:\/\/yoast.com\/product\/yoast-seo-wordpress\/ -->\n<title>LPS-pumpstation | Bevera LPS-system, avloppspumpstation, LPS-avlopp<\/title>\n<meta name=\"robots\" content=\"index, follow, max-snippet:-1, max-image-preview:large, max-video-preview:-1\" \/>\n<link rel=\"canonical\" href=\"https:\/\/www.bevera.fi\/svenska\/pumpstationer\/\" \/>\n<meta property=\"og:locale\" content=\"sv_SE\" \/>\n<meta property=\"og:type\" content=\"article\" \/>\n<meta property=\"og:title\" content=\"LPS-pumpstation | Bevera LPS-system, avloppspumpstation, LPS-avlopp\" \/>\n<meta property=\"og:description\" content=\"Bevera Oy ger r\u00e5d om dimensionering och pumpval av avloppspumpstationer f\u00f6r fastigheter. Vi dimensionerar funktionella l\u00f6sningar f\u00f6r s\u00e5v\u00e4l individuella l\u00f6sningar kopplade till kommunala avloppssystem som pumpstationer anslutna till tryckavloppssystem (LPS). Vi levererar \u00e4ven funktionella och prisv\u00e4rda pumpstationer i samarbete med v\u00e4lk\u00e4nda pumptillverkare.\" \/>\n<meta property=\"og:url\" content=\"https:\/\/www.bevera.fi\/svenska\/pumpstationer\/\" \/>\n<meta property=\"og:site_name\" content=\"Bevera AB - pumpar - leverant\u00f6r av utrustning f\u00f6r kommunal vattenf\u00f6rs\u00f6rjning\" \/>\n<meta property=\"article:modified_time\" content=\"2023-08-25T05:43:28+00:00\" \/>\n<meta name=\"twitter:card\" content=\"summary_large_image\" \/>\n<meta name=\"twitter:label1\" content=\"Ber\u00e4knad l\u00e4stid\" \/>\n\t<meta name=\"twitter:data1\" content=\"1 minut\" \/>\n<script type=\"application\/ld+json\" class=\"yoast-schema-graph\">{\"@context\":\"https:\\\/\\\/schema.org\",\"@graph\":[{\"@type\":\"WebPage\",\"@id\":\"https:\\\/\\\/www.bevera.fi\\\/svenska\\\/pumpstationer\\\/\",\"url\":\"https:\\\/\\\/www.bevera.fi\\\/svenska\\\/pumpstationer\\\/\",\"name\":\"LPS-pumpstation | Bevera LPS-system, avloppspumpstation, LPS-avlopp\",\"isPartOf\":{\"@id\":\"https:\\\/\\\/www.bevera.fi\\\/svenska\\\/#website\"},\"datePublished\":\"2017-08-25T12:18:04+00:00\",\"dateModified\":\"2023-08-25T05:43:28+00:00\",\"breadcrumb\":{\"@id\":\"https:\\\/\\\/www.bevera.fi\\\/svenska\\\/pumpstationer\\\/#breadcrumb\"},\"inLanguage\":\"sv-SE\",\"potentialAction\":[{\"@type\":\"ReadAction\",\"target\":[\"https:\\\/\\\/www.bevera.fi\\\/svenska\\\/pumpstationer\\\/\"]}]},{\"@type\":\"BreadcrumbList\",\"@id\":\"https:\\\/\\\/www.bevera.fi\\\/svenska\\\/pumpstationer\\\/#breadcrumb\",\"itemListElement\":[{\"@type\":\"ListItem\",\"position\":1,\"name\":\"Home\",\"item\":\"https:\\\/\\\/www.bevera.fi\\\/svenska\\\/\"},{\"@type\":\"ListItem\",\"position\":2,\"name\":\"Pumpstationer\"}]},{\"@type\":\"WebSite\",\"@id\":\"https:\\\/\\\/www.bevera.fi\\\/svenska\\\/#website\",\"url\":\"https:\\\/\\\/www.bevera.fi\\\/svenska\\\/\",\"name\":\"Bevera AB - pumpar - leverant\u00f6r av utrustning f\u00f6r kommunal vattenf\u00f6rs\u00f6rjning\",\"description\":\"\",\"potentialAction\":[{\"@type\":\"SearchAction\",\"target\":{\"@type\":\"EntryPoint\",\"urlTemplate\":\"https:\\\/\\\/www.bevera.fi\\\/svenska\\\/?s={search_term_string}\"},\"query-input\":{\"@type\":\"PropertyValueSpecification\",\"valueRequired\":true,\"valueName\":\"search_term_string\"}}],\"inLanguage\":\"sv-SE\"}]}<\/script>\n<!-- \/ Yoast SEO plugin. -->","yoast_head_json":{"title":"LPS-pumpstation | Bevera LPS-system, avloppspumpstation, LPS-avlopp","robots":{"index":"index","follow":"follow","max-snippet":"max-snippet:-1","max-image-preview":"max-image-preview:large","max-video-preview":"max-video-preview:-1"},"canonical":"https:\/\/www.bevera.fi\/svenska\/pumpstationer\/","og_locale":"sv_SE","og_type":"article","og_title":"LPS-pumpstation | Bevera LPS-system, avloppspumpstation, LPS-avlopp","og_description":"Bevera Oy ger r\u00e5d om dimensionering och pumpval av avloppspumpstationer f\u00f6r fastigheter. Vi dimensionerar funktionella l\u00f6sningar f\u00f6r s\u00e5v\u00e4l individuella l\u00f6sningar kopplade till kommunala avloppssystem som pumpstationer anslutna till tryckavloppssystem (LPS). Vi levererar \u00e4ven funktionella och prisv\u00e4rda pumpstationer i samarbete med v\u00e4lk\u00e4nda pumptillverkare.","og_url":"https:\/\/www.bevera.fi\/svenska\/pumpstationer\/","og_site_name":"Bevera AB - pumpar - leverant\u00f6r av utrustning f\u00f6r kommunal vattenf\u00f6rs\u00f6rjning","article_modified_time":"2023-08-25T05:43:28+00:00","twitter_card":"summary_large_image","twitter_misc":{"Ber\u00e4knad l\u00e4stid":"1 minut"},"schema":{"@context":"https:\/\/schema.org","@graph":[{"@type":"WebPage","@id":"https:\/\/www.bevera.fi\/svenska\/pumpstationer\/","url":"https:\/\/www.bevera.fi\/svenska\/pumpstationer\/","name":"LPS-pumpstation | Bevera LPS-system, avloppspumpstation, LPS-avlopp","isPartOf":{"@id":"https:\/\/www.bevera.fi\/svenska\/#website"},"datePublished":"2017-08-25T12:18:04+00:00","dateModified":"2023-08-25T05:43:28+00:00","breadcrumb":{"@id":"https:\/\/www.bevera.fi\/svenska\/pumpstationer\/#breadcrumb"},"inLanguage":"sv-SE","potentialAction":[{"@type":"ReadAction","target":["https:\/\/www.bevera.fi\/svenska\/pumpstationer\/"]}]},{"@type":"BreadcrumbList","@id":"https:\/\/www.bevera.fi\/svenska\/pumpstationer\/#breadcrumb","itemListElement":[{"@type":"ListItem","position":1,"name":"Home","item":"https:\/\/www.bevera.fi\/svenska\/"},{"@type":"ListItem","position":2,"name":"Pumpstationer"}]},{"@type":"WebSite","@id":"https:\/\/www.bevera.fi\/svenska\/#website","url":"https:\/\/www.bevera.fi\/svenska\/","name":"Bevera AB - pumpar - leverant\u00f6r av utrustning f\u00f6r kommunal vattenf\u00f6rs\u00f6rjning","description":"","potentialAction":[{"@type":"SearchAction","target":{"@type":"EntryPoint","urlTemplate":"https:\/\/www.bevera.fi\/svenska\/?s={search_term_string}"},"query-input":{"@type":"PropertyValueSpecification","valueRequired":true,"valueName":"search_term_string"}}],"inLanguage":"sv-SE"}]}},"_links":{"self":[{"href":"https:\/\/www.bevera.fi\/svenska\/wp-json\/wp\/v2\/pages\/27","targetHints":{"allow":["GET"]}}],"collection":[{"href":"https:\/\/www.bevera.fi\/svenska\/wp-json\/wp\/v2\/pages"}],"about":[{"href":"https:\/\/www.bevera.fi\/svenska\/wp-json\/wp\/v2\/types\/page"}],"author":[{"embeddable":true,"href":"https:\/\/www.bevera.fi\/svenska\/wp-json\/wp\/v2\/users\/1"}],"replies":[{"embeddable":true,"href":"https:\/\/www.bevera.fi\/svenska\/wp-json\/wp\/v2\/comments?post=27"}],"version-history":[{"count":15,"href":"https:\/\/www.bevera.fi\/svenska\/wp-json\/wp\/v2\/pages\/27\/revisions"}],"predecessor-version":[{"id":110,"href":"https:\/\/www.bevera.fi\/svenska\/wp-json\/wp\/v2\/pages\/27\/revisions\/110"}],"wp:attachment":[{"href":"https:\/\/www.bevera.fi\/svenska\/wp-json\/wp\/v2\/media?parent=27"}],"curies":[{"name":"wp","href":"https:\/\/api.w.org\/{rel}","templated":true}]}}