{"id":22,"date":"2017-08-25T13:25:00","date_gmt":"2017-08-25T10:25:00","guid":{"rendered":"https:\/\/www.bevera.fi\/svenska\/?page_id=22"},"modified":"2023-08-25T08:44:28","modified_gmt":"2023-08-25T05:44:28","slug":"pumpservice","status":"publish","type":"page","link":"https:\/\/www.bevera.fi\/svenska\/pumpservice\/","title":{"rendered":"Pumpservice"},"content":{"rendered":"<div class=\"oikea\">\n<p>Bevera AB svarar f\u00f6r underh\u00e5ll och service av alla pumpar i importprogrammet i hela landet. Underh\u00e5ll av avloppspumparna \u00e4r koncentrerat till v\u00e5rt driftst\u00e4lle i Vanda. Ut\u00f6ver detta utf\u00f6rs pumpservice av avtalsservicef\u00f6retag p\u00e5 olika h\u00e5ll i landet. Servicerepresentanterna har beredskap att i f\u00f6rsta hand ge service f\u00f6r excenterskruvpumpar av typ Hydromatic HPD200, vilka anv\u00e4nds i tryckavloppssystem. Service kan utf\u00f6ras p\u00e5 plats eller i verkstad.<\/p>\n<p>F\u00f6r att s\u00e4kerst\u00e4lla snabba leveranser av service utnyttjar vi f\u00f6r HPD200-pumparna ett system med utbytespumpar. Detta ger m\u00f6jlighet till snabb service ocks\u00e5 i fall av allvarliga pumpskador. Vid installation p\u00e5 kopplingsfot tas glidskon med t\u00e4tning fr\u00e5n kundens pump och installeras p\u00e5 utbytespumpen, eventuellt \u00e4ven fl\u00e4nskr\u00f6ken. Utbytespumparna \u00e4r genomg\u00e5ngna och f\u00f6rsedda med nya pump- och sk\u00e4rkomponenter och motsvarar funktionsm\u00e4ssigt helt nya pumpar. De elektriska motorv\u00e4rdena, som isoleringsmotst\u00e5nd lindningsmotst\u00e5nd och kondensatorv\u00e4rden (1-faspumpar) har s\u00e4kerst\u00e4llts.<\/p>\n<p>St\u00f6rsta delen av service- och reparations\u00e5tg\u00e4rderna p\u00e5 HPD200-pumparna \u00e4r standardprissatta, inkluderande arbete och reservdelar. Vid nyttjande av utbytespump betalar kunden enbart f\u00f6r de \u00e5tg\u00e4rder den egna pumpen kr\u00e4ver f\u00f6r att i sin tur ist\u00e5nds\u00e4ttas till utbytespump. Om kundens pump f\u00f6ruts\u00e4tter skrotning, \u00e4r det m\u00f6jligt att l\u00f6sa in en utbytespump till en kostnad som motsvarar 70 % av kostnaden f\u00f6r en ny pump hos \u00e5terf\u00f6rs\u00e4ljare.<\/p>\n<p>N\u00e4r det g\u00e4ller st\u00f6rre kommunaltekniska pumpstationer, bestyckade med sj\u00e4lvsugande Hydromatic avloppspumpar, utf\u00f6rs service p\u00e5 plats i pumpstation alternativt i verkstad. F\u00f6r dessa pumpar tillhandah\u00e5ller Bevera AB f\u00f6rhandsunderh\u00e5ll genom att erbjuda serviceavtal f\u00f6r pumpstationer. Genom att p\u00e5 detta s\u00e4tt f\u00f6lja upp driften av pumparna kan service\u00e5tg\u00e4rder planeras p\u00e5 f\u00f6rhand och allvarliga pumphaverier d\u00e4rmed undvikas.<\/p>\n<p><a href=\"https:\/\/www.bevera.fi\/wp-content\/uploads\/2017\/08\/huoltoedustajat.pdf\" target=\"_blank\" rel=\"noopener\">Servicerepresentanter \u00bb<\/a><\/p>\n<\/div>\n<div class=\"oikea3\">\n<p><img loading=\"lazy\" decoding=\"async\" class=\"alignnone size-full wp-image-60\" src=\"https:\/\/www.bevera.fi\/wp-content\/uploads\/2017\/08\/hydromatic-logo.jpg\" alt=\"hydromatic pumput\" width=\"320\" height=\"52\" \/><\/p>\n<p><img loading=\"lazy\" decoding=\"async\" class=\"alignnone size-full wp-image-43\" src=\"https:\/\/www.bevera.fi\/wp-content\/uploads\/2017\/08\/pdf2.gif\" alt=\"pdf\" width=\"50\" height=\"67\" \/><\/p>\n<p><a href=\"https:\/\/www.bevera.fi\/wp-content\/uploads\/2017\/08\/RPohje.pdf\" target=\"_blank\" rel=\"noopener\">Driftsinstruktion RP-pumpar \u00bb<\/a><\/p>\n<p><a href=\"https:\/\/www.bevera.fi\/wp-content\/uploads\/2017\/08\/MPohje.pdf\" target=\"_blank\" rel=\"noopener\">Driftsinstruktion MP-pumpar \u00bb<\/a><\/p>\n<p><a href=\"https:\/\/www.bevera.fi\/wp-content\/uploads\/2017\/08\/Osa40RP.pdf\" target=\"_blank\" rel=\"noopener\">Reservdelslista 40RP \u00bb<\/a><\/p>\n<p><a href=\"https:\/\/www.bevera.fi\/wp-content\/uploads\/2017\/08\/Osa60RP.pdf\" target=\"_blank\" rel=\"noopener\">Reservdelslista 60RP \u00bb<\/a><\/p>\n<p><a href=\"https:\/\/www.bevera.fi\/wp-content\/uploads\/2017\/08\/Osa30MP.pdf\" target=\"_blank\" rel=\"noopener\">Reservdelslista 30MP \u00bb<\/a><\/p>\n<p><a href=\"https:\/\/www.bevera.fi\/wp-content\/uploads\/2017\/08\/Osa40MP.pdf\" target=\"_blank\" rel=\"noopener\">Reservdelslista 40MP \u00bb<\/a><\/p>\n<p><a href=\"https:\/\/www.bevera.fi\/wp-content\/uploads\/2017\/08\/Osa40MMP.pdf\" target=\"_blank\" rel=\"noopener\">Reservdelslista 40MMP \u00bb<\/a><\/p>\n<p><a href=\"https:\/\/www.bevera.fi\/wp-content\/uploads\/2017\/08\/Osa60MMP.pdf\" target=\"_blank\" rel=\"noopener\">Reservdelslista 60MMP \u00bb<\/a><\/p>\n<p><a href=\"https:\/\/www.bevera.fi\/wp-content\/uploads\/2017\/08\/Hyvosa80mmp.pdf\" target=\"_blank\" rel=\"noopener\">Reservdelslista 80MMP \u00bb<\/a><\/p>\n<p><a href=\"https:\/\/www.bevera.fi\/wp-content\/uploads\/2017\/08\/huolto-ohjeet.pdf\" target=\"_blank\" rel=\"noopener\">Serviceinstruktion HPD200 \u00bb<\/a><\/p>\n<\/div>\n","protected":false},"excerpt":{"rendered":"<p>Bevera AB svarar f\u00f6r underh\u00e5ll och service av alla pumpar i importprogrammet i hela landet. Underh\u00e5ll av avloppspumparna \u00e4r koncentrerat till v\u00e5rt driftst\u00e4lle i Vanda. Ut\u00f6ver detta utf\u00f6rs pumpservice av avtalsservicef\u00f6retag p\u00e5 olika h\u00e5ll i landet. Servicerepresentanterna har beredskap att i f\u00f6rsta hand ge service f\u00f6r excenterskruvpumpar av typ Hydromatic HPD200, vilka anv\u00e4nds i tryckavloppssystem&#8230;.<\/p>\n","protected":false},"author":1,"featured_media":0,"parent":0,"menu_order":0,"comment_status":"closed","ping_status":"closed","template":"","meta":{"footnotes":""},"class_list":["post-22","page","type-page","status-publish","hentry"],"yoast_head":"<!-- This site is optimized with the Yoast SEO plugin v27.6 - https:\/\/yoast.com\/product\/yoast-seo-wordpress\/ -->\n<title>Pumpservice - Bevera AB - pumpar - leverant\u00f6r av utrustning f\u00f6r kommunal vattenf\u00f6rs\u00f6rjning<\/title>\n<meta name=\"robots\" content=\"index, follow, max-snippet:-1, max-image-preview:large, max-video-preview:-1\" \/>\n<link rel=\"canonical\" href=\"https:\/\/www.bevera.fi\/svenska\/pumpservice\/\" \/>\n<meta property=\"og:locale\" content=\"sv_SE\" \/>\n<meta property=\"og:type\" content=\"article\" \/>\n<meta property=\"og:title\" content=\"Pumpservice - Bevera AB - pumpar - leverant\u00f6r av utrustning f\u00f6r kommunal vattenf\u00f6rs\u00f6rjning\" \/>\n<meta property=\"og:description\" content=\"Bevera AB svarar f\u00f6r underh\u00e5ll och service av alla pumpar i importprogrammet i hela landet. Underh\u00e5ll av avloppspumparna \u00e4r koncentrerat till v\u00e5rt driftst\u00e4lle i Vanda. Ut\u00f6ver detta utf\u00f6rs pumpservice av avtalsservicef\u00f6retag p\u00e5 olika h\u00e5ll i landet. Servicerepresentanterna har beredskap att i f\u00f6rsta hand ge service f\u00f6r excenterskruvpumpar av typ Hydromatic HPD200, vilka anv\u00e4nds i tryckavloppssystem....\" \/>\n<meta property=\"og:url\" content=\"https:\/\/www.bevera.fi\/svenska\/pumpservice\/\" \/>\n<meta property=\"og:site_name\" content=\"Bevera AB - pumpar - leverant\u00f6r av utrustning f\u00f6r kommunal vattenf\u00f6rs\u00f6rjning\" \/>\n<meta property=\"article:modified_time\" content=\"2023-08-25T05:44:28+00:00\" \/>\n<meta property=\"og:image\" content=\"https:\/\/www.bevera.fi\/wp-content\/uploads\/2017\/08\/hydromatic-logo.jpg\" \/>\n<meta name=\"twitter:card\" content=\"summary_large_image\" \/>\n<meta name=\"twitter:label1\" content=\"Ber\u00e4knad l\u00e4stid\" \/>\n\t<meta name=\"twitter:data1\" content=\"2 minuter\" \/>\n<script type=\"application\/ld+json\" class=\"yoast-schema-graph\">{\"@context\":\"https:\\\/\\\/schema.org\",\"@graph\":[{\"@type\":\"WebPage\",\"@id\":\"https:\\\/\\\/www.bevera.fi\\\/svenska\\\/pumpservice\\\/\",\"url\":\"https:\\\/\\\/www.bevera.fi\\\/svenska\\\/pumpservice\\\/\",\"name\":\"Pumpservice - Bevera AB - pumpar - leverant\u00f6r av utrustning f\u00f6r kommunal vattenf\u00f6rs\u00f6rjning\",\"isPartOf\":{\"@id\":\"https:\\\/\\\/www.bevera.fi\\\/svenska\\\/#website\"},\"primaryImageOfPage\":{\"@id\":\"https:\\\/\\\/www.bevera.fi\\\/svenska\\\/pumpservice\\\/#primaryimage\"},\"image\":{\"@id\":\"https:\\\/\\\/www.bevera.fi\\\/svenska\\\/pumpservice\\\/#primaryimage\"},\"thumbnailUrl\":\"https:\\\/\\\/www.bevera.fi\\\/wp-content\\\/uploads\\\/2017\\\/08\\\/hydromatic-logo.jpg\",\"datePublished\":\"2017-08-25T10:25:00+00:00\",\"dateModified\":\"2023-08-25T05:44:28+00:00\",\"breadcrumb\":{\"@id\":\"https:\\\/\\\/www.bevera.fi\\\/svenska\\\/pumpservice\\\/#breadcrumb\"},\"inLanguage\":\"sv-SE\",\"potentialAction\":[{\"@type\":\"ReadAction\",\"target\":[\"https:\\\/\\\/www.bevera.fi\\\/svenska\\\/pumpservice\\\/\"]}]},{\"@type\":\"ImageObject\",\"inLanguage\":\"sv-SE\",\"@id\":\"https:\\\/\\\/www.bevera.fi\\\/svenska\\\/pumpservice\\\/#primaryimage\",\"url\":\"https:\\\/\\\/www.bevera.fi\\\/wp-content\\\/uploads\\\/2017\\\/08\\\/hydromatic-logo.jpg\",\"contentUrl\":\"https:\\\/\\\/www.bevera.fi\\\/wp-content\\\/uploads\\\/2017\\\/08\\\/hydromatic-logo.jpg\"},{\"@type\":\"BreadcrumbList\",\"@id\":\"https:\\\/\\\/www.bevera.fi\\\/svenska\\\/pumpservice\\\/#breadcrumb\",\"itemListElement\":[{\"@type\":\"ListItem\",\"position\":1,\"name\":\"Home\",\"item\":\"https:\\\/\\\/www.bevera.fi\\\/svenska\\\/\"},{\"@type\":\"ListItem\",\"position\":2,\"name\":\"Pumpservice\"}]},{\"@type\":\"WebSite\",\"@id\":\"https:\\\/\\\/www.bevera.fi\\\/svenska\\\/#website\",\"url\":\"https:\\\/\\\/www.bevera.fi\\\/svenska\\\/\",\"name\":\"Bevera AB - pumpar - leverant\u00f6r av utrustning f\u00f6r kommunal vattenf\u00f6rs\u00f6rjning\",\"description\":\"\",\"potentialAction\":[{\"@type\":\"SearchAction\",\"target\":{\"@type\":\"EntryPoint\",\"urlTemplate\":\"https:\\\/\\\/www.bevera.fi\\\/svenska\\\/?s={search_term_string}\"},\"query-input\":{\"@type\":\"PropertyValueSpecification\",\"valueRequired\":true,\"valueName\":\"search_term_string\"}}],\"inLanguage\":\"sv-SE\"}]}<\/script>\n<!-- \/ Yoast SEO plugin. -->","yoast_head_json":{"title":"Pumpservice - Bevera AB - pumpar - leverant\u00f6r av utrustning f\u00f6r kommunal vattenf\u00f6rs\u00f6rjning","robots":{"index":"index","follow":"follow","max-snippet":"max-snippet:-1","max-image-preview":"max-image-preview:large","max-video-preview":"max-video-preview:-1"},"canonical":"https:\/\/www.bevera.fi\/svenska\/pumpservice\/","og_locale":"sv_SE","og_type":"article","og_title":"Pumpservice - Bevera AB - pumpar - leverant\u00f6r av utrustning f\u00f6r kommunal vattenf\u00f6rs\u00f6rjning","og_description":"Bevera AB svarar f\u00f6r underh\u00e5ll och service av alla pumpar i importprogrammet i hela landet. Underh\u00e5ll av avloppspumparna \u00e4r koncentrerat till v\u00e5rt driftst\u00e4lle i Vanda. Ut\u00f6ver detta utf\u00f6rs pumpservice av avtalsservicef\u00f6retag p\u00e5 olika h\u00e5ll i landet. Servicerepresentanterna har beredskap att i f\u00f6rsta hand ge service f\u00f6r excenterskruvpumpar av typ Hydromatic HPD200, vilka anv\u00e4nds i tryckavloppssystem....","og_url":"https:\/\/www.bevera.fi\/svenska\/pumpservice\/","og_site_name":"Bevera AB - pumpar - leverant\u00f6r av utrustning f\u00f6r kommunal vattenf\u00f6rs\u00f6rjning","article_modified_time":"2023-08-25T05:44:28+00:00","og_image":[{"url":"https:\/\/www.bevera.fi\/wp-content\/uploads\/2017\/08\/hydromatic-logo.jpg","type":"","width":"","height":""}],"twitter_card":"summary_large_image","twitter_misc":{"Ber\u00e4knad l\u00e4stid":"2 minuter"},"schema":{"@context":"https:\/\/schema.org","@graph":[{"@type":"WebPage","@id":"https:\/\/www.bevera.fi\/svenska\/pumpservice\/","url":"https:\/\/www.bevera.fi\/svenska\/pumpservice\/","name":"Pumpservice - Bevera AB - pumpar - leverant\u00f6r av utrustning f\u00f6r kommunal vattenf\u00f6rs\u00f6rjning","isPartOf":{"@id":"https:\/\/www.bevera.fi\/svenska\/#website"},"primaryImageOfPage":{"@id":"https:\/\/www.bevera.fi\/svenska\/pumpservice\/#primaryimage"},"image":{"@id":"https:\/\/www.bevera.fi\/svenska\/pumpservice\/#primaryimage"},"thumbnailUrl":"https:\/\/www.bevera.fi\/wp-content\/uploads\/2017\/08\/hydromatic-logo.jpg","datePublished":"2017-08-25T10:25:00+00:00","dateModified":"2023-08-25T05:44:28+00:00","breadcrumb":{"@id":"https:\/\/www.bevera.fi\/svenska\/pumpservice\/#breadcrumb"},"inLanguage":"sv-SE","potentialAction":[{"@type":"ReadAction","target":["https:\/\/www.bevera.fi\/svenska\/pumpservice\/"]}]},{"@type":"ImageObject","inLanguage":"sv-SE","@id":"https:\/\/www.bevera.fi\/svenska\/pumpservice\/#primaryimage","url":"https:\/\/www.bevera.fi\/wp-content\/uploads\/2017\/08\/hydromatic-logo.jpg","contentUrl":"https:\/\/www.bevera.fi\/wp-content\/uploads\/2017\/08\/hydromatic-logo.jpg"},{"@type":"BreadcrumbList","@id":"https:\/\/www.bevera.fi\/svenska\/pumpservice\/#breadcrumb","itemListElement":[{"@type":"ListItem","position":1,"name":"Home","item":"https:\/\/www.bevera.fi\/svenska\/"},{"@type":"ListItem","position":2,"name":"Pumpservice"}]},{"@type":"WebSite","@id":"https:\/\/www.bevera.fi\/svenska\/#website","url":"https:\/\/www.bevera.fi\/svenska\/","name":"Bevera AB - pumpar - leverant\u00f6r av utrustning f\u00f6r kommunal vattenf\u00f6rs\u00f6rjning","description":"","potentialAction":[{"@type":"SearchAction","target":{"@type":"EntryPoint","urlTemplate":"https:\/\/www.bevera.fi\/svenska\/?s={search_term_string}"},"query-input":{"@type":"PropertyValueSpecification","valueRequired":true,"valueName":"search_term_string"}}],"inLanguage":"sv-SE"}]}},"_links":{"self":[{"href":"https:\/\/www.bevera.fi\/svenska\/wp-json\/wp\/v2\/pages\/22","targetHints":{"allow":["GET"]}}],"collection":[{"href":"https:\/\/www.bevera.fi\/svenska\/wp-json\/wp\/v2\/pages"}],"about":[{"href":"https:\/\/www.bevera.fi\/svenska\/wp-json\/wp\/v2\/types\/page"}],"author":[{"embeddable":true,"href":"https:\/\/www.bevera.fi\/svenska\/wp-json\/wp\/v2\/users\/1"}],"replies":[{"embeddable":true,"href":"https:\/\/www.bevera.fi\/svenska\/wp-json\/wp\/v2\/comments?post=22"}],"version-history":[{"count":5,"href":"https:\/\/www.bevera.fi\/svenska\/wp-json\/wp\/v2\/pages\/22\/revisions"}],"predecessor-version":[{"id":111,"href":"https:\/\/www.bevera.fi\/svenska\/wp-json\/wp\/v2\/pages\/22\/revisions\/111"}],"wp:attachment":[{"href":"https:\/\/www.bevera.fi\/svenska\/wp-json\/wp\/v2\/media?parent=22"}],"curies":[{"name":"wp","href":"https:\/\/api.w.org\/{rel}","templated":true}]}}