{"id":2,"date":"2017-08-25T12:35:50","date_gmt":"2017-08-25T09:35:50","guid":{"rendered":"https:\/\/www.bevera.fi\/svenska\/?page_id=2"},"modified":"2023-08-24T12:19:31","modified_gmt":"2023-08-24T09:19:31","slug":"avloppspumpstationer-lps-pumpstationer-avloppspumpar","status":"publish","type":"page","link":"https:\/\/www.bevera.fi\/svenska\/","title":{"rendered":"Avloppspumpstationer och avloppspumpar"},"content":{"rendered":"<p><img loading=\"lazy\" decoding=\"async\" class=\"alignright size-full wp-image-86\" src=\"https:\/\/www.bevera.fi\/svenska\/wp-content\/uploads\/sites\/3\/2018\/09\/kumppanit1.png\" alt=\"Samarbetspartners\" width=\"409\" height=\"177\" srcset=\"https:\/\/www.bevera.fi\/svenska\/wp-content\/uploads\/sites\/3\/2018\/09\/kumppanit1.png 409w, https:\/\/www.bevera.fi\/svenska\/wp-content\/uploads\/sites\/3\/2018\/09\/kumppanit1-300x130.png 300w\" sizes=\"auto, (max-width: 409px) 100vw, 409px\" \/>Bevera AB \u00e4r leverant\u00f6r av utrustning f\u00f6r kommunal vattenf\u00f6rs\u00f6rjning. F\u00f6retaget \u00e4r specialiserat p\u00e5 leverans och underh\u00e5ll av pumpar f\u00f6r hantering av kommunalt avloppsvatten.<\/p>\n<p>Bevera AB \u00e4r representant f\u00f6r och \u00e5terf\u00f6rs\u00e4ljare i Finland av kommunaltekniska pumpar tillverkade av den amerikanska f\u00f6retagsgruppen Pentair Water. Till sortimentet h\u00f6r bl.a. specialpumpar av de v\u00e4lk\u00e4nda m\u00e4rkena Hydromatic och Fairbanks-Morse f\u00f6r bruk i kommunala vatten- och avloppsinstallationer<\/p>\n<p>Bevera AB svarar f\u00f6r underh\u00e5ll av och reservdelsleveranser till alla pumpar i importprogrammet. Service f\u00f6r excenterskruvpumpar av modell Hydromatic HPD200 f\u00f6r tryckavloppssystem kan best\u00e4llas lokalt n\u00e4ra anv\u00e4ndaren tack vare ett t\u00e4ckande n\u00e4tverk av servicerepresentanter.<\/p>\n<ul>\n<li>skruvpump<\/li>\n<li>excenterskruvpump<\/li>\n<li>sk\u00e4rande pump<\/li>\n<li>avloppspump<\/li>\n<\/ul>\n<p>\u00a0<\/p>\n","protected":false},"excerpt":{"rendered":"<p>Bevera AB \u00e4r leverant\u00f6r av utrustning f\u00f6r kommunal vattenf\u00f6rs\u00f6rjning. F\u00f6retaget \u00e4r specialiserat p\u00e5 leverans och underh\u00e5ll av pumpar f\u00f6r hantering av kommunalt avloppsvatten. Bevera AB \u00e4r representant f\u00f6r och \u00e5terf\u00f6rs\u00e4ljare i Finland av kommunaltekniska pumpar tillverkade av den amerikanska f\u00f6retagsgruppen Pentair Water. Till sortimentet h\u00f6r bl.a. specialpumpar av de v\u00e4lk\u00e4nda m\u00e4rkena Hydromatic och Fairbanks-Morse f\u00f6r&#8230;<\/p>\n","protected":false},"author":1,"featured_media":0,"parent":0,"menu_order":0,"comment_status":"closed","ping_status":"open","template":"","meta":{"footnotes":""},"class_list":["post-2","page","type-page","status-publish","hentry"],"yoast_head":"<!-- This site is optimized with the Yoast SEO plugin v27.6 - https:\/\/yoast.com\/product\/yoast-seo-wordpress\/ -->\n<title>Avloppspumpar - Bevera AB - pumpar - leverant\u00f6r av utrustning f\u00f6r kommunal vattenf\u00f6rs\u00f6rjnin<\/title>\n<meta name=\"robots\" content=\"index, follow, max-snippet:-1, max-image-preview:large, max-video-preview:-1\" \/>\n<link rel=\"canonical\" href=\"https:\/\/www.bevera.fi\/svenska\/\" \/>\n<meta property=\"og:locale\" content=\"sv_SE\" \/>\n<meta property=\"og:type\" content=\"article\" \/>\n<meta property=\"og:title\" content=\"Avloppspumpar - Bevera AB - pumpar - leverant\u00f6r av utrustning f\u00f6r kommunal vattenf\u00f6rs\u00f6rjnin\" \/>\n<meta property=\"og:description\" content=\"Bevera AB \u00e4r leverant\u00f6r av utrustning f\u00f6r kommunal vattenf\u00f6rs\u00f6rjning. F\u00f6retaget \u00e4r specialiserat p\u00e5 leverans och underh\u00e5ll av pumpar f\u00f6r hantering av kommunalt avloppsvatten. Bevera AB \u00e4r representant f\u00f6r och \u00e5terf\u00f6rs\u00e4ljare i Finland av kommunaltekniska pumpar tillverkade av den amerikanska f\u00f6retagsgruppen Pentair Water. Till sortimentet h\u00f6r bl.a. specialpumpar av de v\u00e4lk\u00e4nda m\u00e4rkena Hydromatic och Fairbanks-Morse f\u00f6r...\" \/>\n<meta property=\"og:url\" content=\"https:\/\/www.bevera.fi\/svenska\/\" \/>\n<meta property=\"og:site_name\" content=\"Bevera AB - pumpar - leverant\u00f6r av utrustning f\u00f6r kommunal vattenf\u00f6rs\u00f6rjning\" \/>\n<meta property=\"article:modified_time\" content=\"2023-08-24T09:19:31+00:00\" \/>\n<meta property=\"og:image\" content=\"https:\/\/www.bevera.fi\/svenska\/wp-content\/uploads\/sites\/3\/2018\/09\/kumppanit1.png\" \/>\n<meta name=\"twitter:card\" content=\"summary_large_image\" \/>\n<meta name=\"twitter:label1\" content=\"Ber\u00e4knad l\u00e4stid\" \/>\n\t<meta name=\"twitter:data1\" content=\"1 minut\" \/>\n<script type=\"application\/ld+json\" class=\"yoast-schema-graph\">{\"@context\":\"https:\\\/\\\/schema.org\",\"@graph\":[{\"@type\":\"WebPage\",\"@id\":\"https:\\\/\\\/www.bevera.fi\\\/svenska\\\/\",\"url\":\"https:\\\/\\\/www.bevera.fi\\\/svenska\\\/\",\"name\":\"Avloppspumpar - Bevera AB - pumpar - leverant\u00f6r av utrustning f\u00f6r kommunal vattenf\u00f6rs\u00f6rjnin\",\"isPartOf\":{\"@id\":\"https:\\\/\\\/www.bevera.fi\\\/svenska\\\/#website\"},\"primaryImageOfPage\":{\"@id\":\"https:\\\/\\\/www.bevera.fi\\\/svenska\\\/#primaryimage\"},\"image\":{\"@id\":\"https:\\\/\\\/www.bevera.fi\\\/svenska\\\/#primaryimage\"},\"thumbnailUrl\":\"https:\\\/\\\/www.bevera.fi\\\/svenska\\\/wp-content\\\/uploads\\\/sites\\\/3\\\/2018\\\/09\\\/kumppanit1.png\",\"datePublished\":\"2017-08-25T09:35:50+00:00\",\"dateModified\":\"2023-08-24T09:19:31+00:00\",\"breadcrumb\":{\"@id\":\"https:\\\/\\\/www.bevera.fi\\\/svenska\\\/#breadcrumb\"},\"inLanguage\":\"sv-SE\",\"potentialAction\":[{\"@type\":\"ReadAction\",\"target\":[\"https:\\\/\\\/www.bevera.fi\\\/svenska\\\/\"]}]},{\"@type\":\"ImageObject\",\"inLanguage\":\"sv-SE\",\"@id\":\"https:\\\/\\\/www.bevera.fi\\\/svenska\\\/#primaryimage\",\"url\":\"https:\\\/\\\/www.bevera.fi\\\/svenska\\\/wp-content\\\/uploads\\\/sites\\\/3\\\/2018\\\/09\\\/kumppanit1.png\",\"contentUrl\":\"https:\\\/\\\/www.bevera.fi\\\/svenska\\\/wp-content\\\/uploads\\\/sites\\\/3\\\/2018\\\/09\\\/kumppanit1.png\",\"width\":409,\"height\":177,\"caption\":\"Samarbetspartners\"},{\"@type\":\"BreadcrumbList\",\"@id\":\"https:\\\/\\\/www.bevera.fi\\\/svenska\\\/#breadcrumb\",\"itemListElement\":[{\"@type\":\"ListItem\",\"position\":1,\"name\":\"Home\",\"item\":\"https:\\\/\\\/www.bevera.fi\\\/svenska\\\/\"},{\"@type\":\"ListItem\",\"position\":2,\"name\":\"Avloppspumpstationer och avloppspumpar\"}]},{\"@type\":\"WebSite\",\"@id\":\"https:\\\/\\\/www.bevera.fi\\\/svenska\\\/#website\",\"url\":\"https:\\\/\\\/www.bevera.fi\\\/svenska\\\/\",\"name\":\"Bevera AB - pumpar - leverant\u00f6r av utrustning f\u00f6r kommunal vattenf\u00f6rs\u00f6rjning\",\"description\":\"\",\"potentialAction\":[{\"@type\":\"SearchAction\",\"target\":{\"@type\":\"EntryPoint\",\"urlTemplate\":\"https:\\\/\\\/www.bevera.fi\\\/svenska\\\/?s={search_term_string}\"},\"query-input\":{\"@type\":\"PropertyValueSpecification\",\"valueRequired\":true,\"valueName\":\"search_term_string\"}}],\"inLanguage\":\"sv-SE\"}]}<\/script>\n<!-- \/ Yoast SEO plugin. -->","yoast_head_json":{"title":"Avloppspumpar - Bevera AB - pumpar - leverant\u00f6r av utrustning f\u00f6r kommunal vattenf\u00f6rs\u00f6rjnin","robots":{"index":"index","follow":"follow","max-snippet":"max-snippet:-1","max-image-preview":"max-image-preview:large","max-video-preview":"max-video-preview:-1"},"canonical":"https:\/\/www.bevera.fi\/svenska\/","og_locale":"sv_SE","og_type":"article","og_title":"Avloppspumpar - Bevera AB - pumpar - leverant\u00f6r av utrustning f\u00f6r kommunal vattenf\u00f6rs\u00f6rjnin","og_description":"Bevera AB \u00e4r leverant\u00f6r av utrustning f\u00f6r kommunal vattenf\u00f6rs\u00f6rjning. F\u00f6retaget \u00e4r specialiserat p\u00e5 leverans och underh\u00e5ll av pumpar f\u00f6r hantering av kommunalt avloppsvatten. Bevera AB \u00e4r representant f\u00f6r och \u00e5terf\u00f6rs\u00e4ljare i Finland av kommunaltekniska pumpar tillverkade av den amerikanska f\u00f6retagsgruppen Pentair Water. Till sortimentet h\u00f6r bl.a. specialpumpar av de v\u00e4lk\u00e4nda m\u00e4rkena Hydromatic och Fairbanks-Morse f\u00f6r...","og_url":"https:\/\/www.bevera.fi\/svenska\/","og_site_name":"Bevera AB - pumpar - leverant\u00f6r av utrustning f\u00f6r kommunal vattenf\u00f6rs\u00f6rjning","article_modified_time":"2023-08-24T09:19:31+00:00","og_image":[{"url":"https:\/\/www.bevera.fi\/svenska\/wp-content\/uploads\/sites\/3\/2018\/09\/kumppanit1.png","type":"","width":"","height":""}],"twitter_card":"summary_large_image","twitter_misc":{"Ber\u00e4knad l\u00e4stid":"1 minut"},"schema":{"@context":"https:\/\/schema.org","@graph":[{"@type":"WebPage","@id":"https:\/\/www.bevera.fi\/svenska\/","url":"https:\/\/www.bevera.fi\/svenska\/","name":"Avloppspumpar - Bevera AB - pumpar - leverant\u00f6r av utrustning f\u00f6r kommunal vattenf\u00f6rs\u00f6rjnin","isPartOf":{"@id":"https:\/\/www.bevera.fi\/svenska\/#website"},"primaryImageOfPage":{"@id":"https:\/\/www.bevera.fi\/svenska\/#primaryimage"},"image":{"@id":"https:\/\/www.bevera.fi\/svenska\/#primaryimage"},"thumbnailUrl":"https:\/\/www.bevera.fi\/svenska\/wp-content\/uploads\/sites\/3\/2018\/09\/kumppanit1.png","datePublished":"2017-08-25T09:35:50+00:00","dateModified":"2023-08-24T09:19:31+00:00","breadcrumb":{"@id":"https:\/\/www.bevera.fi\/svenska\/#breadcrumb"},"inLanguage":"sv-SE","potentialAction":[{"@type":"ReadAction","target":["https:\/\/www.bevera.fi\/svenska\/"]}]},{"@type":"ImageObject","inLanguage":"sv-SE","@id":"https:\/\/www.bevera.fi\/svenska\/#primaryimage","url":"https:\/\/www.bevera.fi\/svenska\/wp-content\/uploads\/sites\/3\/2018\/09\/kumppanit1.png","contentUrl":"https:\/\/www.bevera.fi\/svenska\/wp-content\/uploads\/sites\/3\/2018\/09\/kumppanit1.png","width":409,"height":177,"caption":"Samarbetspartners"},{"@type":"BreadcrumbList","@id":"https:\/\/www.bevera.fi\/svenska\/#breadcrumb","itemListElement":[{"@type":"ListItem","position":1,"name":"Home","item":"https:\/\/www.bevera.fi\/svenska\/"},{"@type":"ListItem","position":2,"name":"Avloppspumpstationer och avloppspumpar"}]},{"@type":"WebSite","@id":"https:\/\/www.bevera.fi\/svenska\/#website","url":"https:\/\/www.bevera.fi\/svenska\/","name":"Bevera AB - pumpar - leverant\u00f6r av utrustning f\u00f6r kommunal vattenf\u00f6rs\u00f6rjning","description":"","potentialAction":[{"@type":"SearchAction","target":{"@type":"EntryPoint","urlTemplate":"https:\/\/www.bevera.fi\/svenska\/?s={search_term_string}"},"query-input":{"@type":"PropertyValueSpecification","valueRequired":true,"valueName":"search_term_string"}}],"inLanguage":"sv-SE"}]}},"_links":{"self":[{"href":"https:\/\/www.bevera.fi\/svenska\/wp-json\/wp\/v2\/pages\/2","targetHints":{"allow":["GET"]}}],"collection":[{"href":"https:\/\/www.bevera.fi\/svenska\/wp-json\/wp\/v2\/pages"}],"about":[{"href":"https:\/\/www.bevera.fi\/svenska\/wp-json\/wp\/v2\/types\/page"}],"author":[{"embeddable":true,"href":"https:\/\/www.bevera.fi\/svenska\/wp-json\/wp\/v2\/users\/1"}],"replies":[{"embeddable":true,"href":"https:\/\/www.bevera.fi\/svenska\/wp-json\/wp\/v2\/comments?post=2"}],"version-history":[{"count":12,"href":"https:\/\/www.bevera.fi\/svenska\/wp-json\/wp\/v2\/pages\/2\/revisions"}],"predecessor-version":[{"id":104,"href":"https:\/\/www.bevera.fi\/svenska\/wp-json\/wp\/v2\/pages\/2\/revisions\/104"}],"wp:attachment":[{"href":"https:\/\/www.bevera.fi\/svenska\/wp-json\/wp\/v2\/media?parent=2"}],"curies":[{"name":"wp","href":"https:\/\/api.w.org\/{rel}","templated":true}]}}