{"id":13,"date":"2017-08-25T13:02:36","date_gmt":"2017-08-25T10:02:36","guid":{"rendered":"https:\/\/www.bevera.fi\/svenska\/?page_id=13"},"modified":"2017-08-31T15:17:14","modified_gmt":"2017-08-31T12:17:14","slug":"skarande-pumpar","status":"publish","type":"page","link":"https:\/\/www.bevera.fi\/svenska\/skarande-pumpar\/","title":{"rendered":"Sk\u00e4rande pumpar"},"content":{"rendered":"<h1>HPD200 skruvpumpar<\/h1>\n<hr \/>\n<div class=\"palsta\">\n<div class=\"vasen\">\n<p><img loading=\"lazy\" decoding=\"async\" class=\"kuva alignnone wp-image-19 size-full\" src=\"https:\/\/www.bevera.fi\/wp-content\/uploads\/2017\/08\/HPGPC200_1.jpg\" alt=\"HPGPC200_1\" width=\"180\" height=\"408\" \/><\/p>\n<p><img loading=\"lazy\" decoding=\"async\" class=\"kuva alignnone wp-image-24 size-full\" src=\"https:\/\/www.bevera.fi\/wp-content\/uploads\/2017\/08\/HPGPC200_2.jpg\" alt=\"HPGPC200_2\" width=\"180\" height=\"214\" \/><\/p>\n<p><img loading=\"lazy\" decoding=\"async\" class=\"kuva alignnone wp-image-26 size-full\" src=\"https:\/\/www.bevera.fi\/wp-content\/uploads\/2017\/08\/HPGPC200_3.jpg\" alt=\"\" width=\"180\" height=\"353\" \/><\/p>\n<\/div>\n<div class=\"oikea\">\n<p>Den sk\u00e4rande pumpen Hydromatic HPD200 \u00e4r en excenterskruvpump och den \u00e4r konstruerad f\u00f6r pumpning av hush\u00e5llsavloppsvatten. HPD200 \u00e4r synnerligen l\u00e4mpad att fungera i tryckavloppssystem f\u00f6r uppsamling av avloppsvatten fr\u00e5n hush\u00e5ll och sommarstugor i glesbygden, d\u00e4r det f\u00f6ruts\u00e4tts pumpar med mycket h\u00f6g lyfth\u00f6jdskapacitet.<\/p>\n<p>Pumpen \u00e4r f\u00f6rsedd med en tryckavg\u00e5ng i dimensionen 1\u00bc\u201d (32 mm) utrustad med DN 40 anslutningsfl\u00e4ns, och den kan anslutas till ett tryckavloppsr\u00f6rsystem av samma dimension i.<\/p>\n<p>Pumpens h\u00f6gsta lyfth\u00f6jd \u00e4r mer \u00e4n 60 m och st\u00f6rsta volymfl\u00f6de \u00f6ver 1,0 l\/s.<\/p>\n<p>Pumpens kraftk\u00e4lla \u00e4r en effektiv elmotor p\u00e5 1,5 kW. Motorns f\u00f6rv\u00e4ntade livstid \u00e4r mycket l\u00e5ng tack vare gynnsamma driftsf\u00f6rh\u00e5llande med god kylning av det pumpade mediet. Motorn \u00e4r utrustad med \u00f6verdimensionerade, oljesmorda lager f\u00f6r att garantera \u00e5r av s\u00e4ker drift. Motorn \u00e4r tillg\u00e4nglig i versioner f\u00f6r b\u00e5de enfas och trefas str\u00f6mf\u00f6rs\u00f6rjning.<\/p>\n<p>Pumpen levereras vanligen som en komponent i pumpstationer f\u00f6r tryckavloppssystem. Pumpstationerna \u00e4r kompletta enheter inkluderande styrautomatik och niv\u00e5styrning. Pumpen \u00e4r l\u00e4tt att installera genom att s\u00e4nka den ned i pumpstationen, d\u00e4r den automatiskt engageras till tryckavloppsr\u00f6rsystemet via en kopplingsfot monterad p\u00e5 botten av stationen.<\/p>\n<p>\u00a0<\/p>\n<ul>\n<li>Konstruerad f\u00f6r drift i tryckavloppssystem<\/li>\n<li>H\u00e5llbar 1,5 kW pumpmotor 1-fas 230 V eller 3-fas 400 V.<\/li>\n<li>Kraftig sk\u00e4rapparat<\/li>\n<li>Levereras med komplett pumpstation<\/li>\n<li>Enkel att installera<\/li>\n<\/ul>\n<p><strong>Pumpens konstruktion <\/strong><\/p>\n<p><strong>A.<\/strong> Vattent\u00e5lig pumpkabel, l\u00e4ngd 6 meter.<\/p>\n<p><strong>B.<\/strong> \u00d6verdimensionerade kullager i oljebad f\u00f6r att s\u00e4kerst\u00e4lla god sm\u00f6rjning och kylning.<\/p>\n<p><strong>C.<\/strong> Oljefylld motor f\u00f6r god kylning och l\u00e5ng drifttid. H\u00f6gt startmoment. Motorlindningarna \u00e4r skyddade mot \u00f6verhettning med inbyggt termorel\u00e4.<\/p>\n<p><strong>D.<\/strong> Mekanisk axelt\u00e4tning med keramiska t\u00e4tningsytor f\u00f6r l\u00e5ng livsl\u00e4ngd.<\/p>\n<p><strong>E.<\/strong> Pumprotor med enkelg\u00e4nga i syrafast st\u00e5l.<\/p>\n<p><strong>F.<\/strong> Pumpstator med dubbelg\u00e4nga i nitrilgummi.<\/p>\n<p><strong>G.<\/strong> Sk\u00e4relementen finf\u00f6rdelar fasta partiklar i avloppsvattnet, vilket f\u00f6rhindrar stopp i pumpen och igens\u00e4ttning i tryckr\u00f6r.<\/p>\n<\/div>\n<div class=\"oikea2\">\n<p><img loading=\"lazy\" decoding=\"async\" class=\"alignnone size-full wp-image-43\" src=\"https:\/\/www.bevera.fi\/wp-content\/uploads\/2017\/08\/pdf2.gif\" alt=\"pdf\" width=\"50\" height=\"67\" \/><\/p>\n<p><a href=\"https:\/\/www.bevera.fi\/wp-content\/uploads\/2017\/08\/HPD200ohjeet.pdf\" target=\"_blank\" rel=\"noopener\">Driftsinstruktion<\/a><\/p>\n<p><a href=\"https:\/\/www.bevera.fi\/wp-content\/uploads\/2017\/08\/huolto-ohjeet.pdf\" target=\"_blank\" rel=\"noopener\">Serviceinstruktion<\/a><\/p>\n<p><a href=\"https:\/\/www.bevera.fi\/svenska\/wp-content\/uploads\/sites\/3\/2017\/08\/HPDesiteSV.pdf\" target=\"_blank\" rel=\"noopener\">Broschyr<\/a><\/p>\n<p>\u00a0<\/p>\n<\/div>\n<\/div>\n<div class=\"palsta\">\n<div class=\"vasen2\">\n<p><strong>Tekniska data <\/strong><\/p>\n<table border=\"1\" width=\"\" cellspacing=\"0\">\n<tbody>\n<tr>\n<td><\/td>\n<td>1-fas<\/td>\n<td>3-fas<\/td>\n<\/tr>\n<tr>\n<td valign=\"top\" width=\"\">Tryckavg\u00e5ng<\/td>\n<td valign=\"top\" width=\"\">1\u00bc\u201d \u2013 DN 40<\/td>\n<td valign=\"top\" width=\"\">1\u00bc\u201d \u2013 DN 40<\/td>\n<\/tr>\n<tr>\n<td valign=\"top\" width=\"\">Varvtal<\/td>\n<td valign=\"top\" width=\"\">1440 l\/min<\/td>\n<td valign=\"top\" width=\"\">l460 1\/min<\/td>\n<\/tr>\n<tr>\n<td valign=\"top\" width=\"\">Pumpat medium temperatur<\/td>\n<td valign=\"top\" width=\"\">60 \u00b0C max.<\/td>\n<td valign=\"top\" width=\"\">60 \u00b0C max.<\/td>\n<\/tr>\n<tr>\n<td valign=\"top\" width=\"\">Isoleringsklass lindning<\/td>\n<td valign=\"top\" width=\"\">F<\/td>\n<td valign=\"top\" width=\"\">F<\/td>\n<\/tr>\n<tr>\n<td valign=\"top\" width=\"\">Sp\u00e4nning<\/td>\n<td valign=\"top\" width=\"\">230 V<\/td>\n<td valign=\"top\" width=\"\">400 V<\/td>\n<\/tr>\n<tr>\n<td valign=\"top\" width=\"\">Till\u00e5ten sp\u00e4nnings- variation<\/td>\n<td valign=\"top\" width=\"\">\u00b110 %<\/td>\n<td valign=\"top\" width=\"\">\u00b110 %<\/td>\n<\/tr>\n<tr>\n<td valign=\"top\" width=\"\">Fastal<\/td>\n<td valign=\"top\" width=\"\">1<\/td>\n<td valign=\"top\" width=\"\">3<\/td>\n<\/tr>\n<tr>\n<td valign=\"top\" width=\"\">Nominell str\u00f6m IN<\/td>\n<td valign=\"top\" width=\"\">8,5 A<\/td>\n<td valign=\"top\" width=\"\">4,5 A<\/td>\n<\/tr>\n<tr>\n<td valign=\"top\" width=\"\">Startstr\u00f6m IS<\/td>\n<td valign=\"top\" width=\"\">18,0 A<\/td>\n<td valign=\"top\" width=\"\">20 A<\/td>\n<\/tr>\n<tr>\n<td valign=\"top\" width=\"\">Upptagen effekt P1<\/td>\n<td valign=\"top\" width=\"\">1,7 kW<\/td>\n<td valign=\"top\" width=\"\">1,7 kW<\/td>\n<\/tr>\n<tr>\n<td valign=\"top\" width=\"\">Axeleffekt P2<\/td>\n<td valign=\"top\" width=\"\">1,2 kW<\/td>\n<td valign=\"top\" width=\"\">1,2 kW<\/td>\n<\/tr>\n<tr>\n<td valign=\"top\" width=\"\">Effektfaktor<\/td>\n<td valign=\"top\" width=\"\">0,85<\/td>\n<td valign=\"top\" width=\"\">0,85<\/td>\n<\/tr>\n<tr>\n<td valign=\"top\" width=\"\">S\u00e4kring<\/td>\n<td valign=\"top\" width=\"\">10 A tr\u00f6g<\/td>\n<td valign=\"top\" width=\"\">6 A tr\u00f6g<\/td>\n<\/tr>\n<tr>\n<td valign=\"top\" width=\"\">L\u00e4ngd kabel<\/td>\n<td valign=\"top\" width=\"\">6 m stand.<\/td>\n<td valign=\"top\" width=\"\">6 m stand.<\/td>\n<\/tr>\n<tr>\n<td valign=\"top\" width=\"\">Kabeltyp<\/td>\n<td valign=\"top\" width=\"\">H07RN-F 3G1,5<\/td>\n<td valign=\"top\" width=\"\">H07RN-F 4G1,5<\/td>\n<\/tr>\n<tr>\n<td valign=\"top\" width=\"\">Vikt<\/td>\n<td valign=\"top\" width=\"\">45 kg utrust.<\/td>\n<td valign=\"top\" width=\"\">45 kg utrust.<\/td>\n<\/tr>\n<\/tbody>\n<\/table>\n<p><strong>Material<\/strong><\/p>\n<table border=\"1\" width=\"\" cellspacing=\"0\">\n<tbody>\n<tr>\n<td valign=\"top\">Pumpstator<\/td>\n<td valign=\"top\">Dubbelg\u00e4ngad, NBR<\/td>\n<\/tr>\n<tr>\n<td valign=\"top\">Pumprotor<\/td>\n<td valign=\"top\">Enkelg\u00e4ngad, syrafast st\u00e5l<\/td>\n<\/tr>\n<tr>\n<td valign=\"top\">Motorhus<\/td>\n<td valign=\"top\">Gjutj\u00e4rn<\/td>\n<\/tr>\n<tr>\n<td valign=\"top\">Pumphus<\/td>\n<td valign=\"top\">Gjutj\u00e4rn<\/td>\n<\/tr>\n<tr>\n<td valign=\"top\">Sk\u00e4relement<\/td>\n<td valign=\"top\">Syrafast st\u00e5l, h\u00e4rdat<\/td>\n<\/tr>\n<tr>\n<td valign=\"top\">Axel<\/td>\n<td valign=\"top\">Syrafast st\u00e5l<\/td>\n<\/tr>\n<tr>\n<td valign=\"top\">F\u00e4stelement<\/td>\n<td valign=\"top\">Rostfritt st\u00e5l<\/td>\n<\/tr>\n<tr>\n<td valign=\"top\">O-ringar<\/td>\n<td valign=\"top\">Gummi NBR<\/td>\n<\/tr>\n<tr>\n<td valign=\"top\">Mekanisk t\u00e4tning<\/td>\n<td valign=\"top\">Kol\/keramisk<\/td>\n<\/tr>\n<tr>\n<td valign=\"top\">Ytbehandling<\/td>\n<td valign=\"top\">Alkydemalj m\u00f6rkgr\u00f6n<\/td>\n<\/tr>\n<\/tbody>\n<\/table>\n<\/div>\n<div class=\"oikea\"><img loading=\"lazy\" decoding=\"async\" class=\"alignnone size-full wp-image-33\" src=\"https:\/\/www.bevera.fi\/wp-content\/uploads\/2017\/08\/curve.gif\" alt=\"Hydromatic HPD200\" width=\"406\" height=\"539\" \/><\/div>\n<\/div>\n","protected":false},"excerpt":{"rendered":"<p>HPD200 skruvpumpar Den sk\u00e4rande pumpen Hydromatic HPD200 \u00e4r en excenterskruvpump och den \u00e4r konstruerad f\u00f6r pumpning av hush\u00e5llsavloppsvatten. HPD200 \u00e4r synnerligen l\u00e4mpad att fungera i tryckavloppssystem f\u00f6r uppsamling av avloppsvatten fr\u00e5n hush\u00e5ll och sommarstugor i glesbygden, d\u00e4r det f\u00f6ruts\u00e4tts pumpar med mycket h\u00f6g lyfth\u00f6jdskapacitet. Pumpen \u00e4r f\u00f6rsedd med en tryckavg\u00e5ng i dimensionen 1\u00bc\u201d (32 mm)&#8230;<\/p>\n","protected":false},"author":1,"featured_media":0,"parent":0,"menu_order":0,"comment_status":"closed","ping_status":"closed","template":"","meta":{"footnotes":""},"class_list":["post-13","page","type-page","status-publish","hentry"],"yoast_head":"<!-- This site is optimized with the Yoast SEO plugin v27.6 - https:\/\/yoast.com\/product\/yoast-seo-wordpress\/ -->\n<title>LPS-pump | Bevera skruvpump, sk\u00e4rande pump, avloppspump<\/title>\n<meta name=\"robots\" content=\"index, follow, max-snippet:-1, max-image-preview:large, max-video-preview:-1\" \/>\n<link rel=\"canonical\" href=\"https:\/\/www.bevera.fi\/svenska\/skarande-pumpar\/\" \/>\n<meta property=\"og:locale\" content=\"sv_SE\" \/>\n<meta property=\"og:type\" content=\"article\" \/>\n<meta property=\"og:title\" content=\"LPS-pump | Bevera skruvpump, sk\u00e4rande pump, avloppspump\" \/>\n<meta property=\"og:description\" content=\"HPD200 skruvpumpar Den sk\u00e4rande pumpen Hydromatic HPD200 \u00e4r en excenterskruvpump och den \u00e4r konstruerad f\u00f6r pumpning av hush\u00e5llsavloppsvatten. HPD200 \u00e4r synnerligen l\u00e4mpad att fungera i tryckavloppssystem f\u00f6r uppsamling av avloppsvatten fr\u00e5n hush\u00e5ll och sommarstugor i glesbygden, d\u00e4r det f\u00f6ruts\u00e4tts pumpar med mycket h\u00f6g lyfth\u00f6jdskapacitet. Pumpen \u00e4r f\u00f6rsedd med en tryckavg\u00e5ng i dimensionen 1\u00bc\u201d (32 mm)...\" \/>\n<meta property=\"og:url\" content=\"https:\/\/www.bevera.fi\/svenska\/skarande-pumpar\/\" \/>\n<meta property=\"og:site_name\" content=\"Bevera AB - pumpar - leverant\u00f6r av utrustning f\u00f6r kommunal vattenf\u00f6rs\u00f6rjning\" \/>\n<meta property=\"article:modified_time\" content=\"2017-08-31T12:17:14+00:00\" \/>\n<meta property=\"og:image\" content=\"https:\/\/www.bevera.fi\/wp-content\/uploads\/2017\/08\/HPGPC200_1.jpg\" \/>\n<meta name=\"twitter:card\" content=\"summary_large_image\" \/>\n<meta name=\"twitter:label1\" content=\"Ber\u00e4knad l\u00e4stid\" \/>\n\t<meta name=\"twitter:data1\" content=\"2 minuter\" \/>\n<script type=\"application\/ld+json\" class=\"yoast-schema-graph\">{\"@context\":\"https:\\\/\\\/schema.org\",\"@graph\":[{\"@type\":\"WebPage\",\"@id\":\"https:\\\/\\\/www.bevera.fi\\\/svenska\\\/skarande-pumpar\\\/\",\"url\":\"https:\\\/\\\/www.bevera.fi\\\/svenska\\\/skarande-pumpar\\\/\",\"name\":\"LPS-pump | Bevera skruvpump, sk\u00e4rande pump, avloppspump\",\"isPartOf\":{\"@id\":\"https:\\\/\\\/www.bevera.fi\\\/svenska\\\/#website\"},\"primaryImageOfPage\":{\"@id\":\"https:\\\/\\\/www.bevera.fi\\\/svenska\\\/skarande-pumpar\\\/#primaryimage\"},\"image\":{\"@id\":\"https:\\\/\\\/www.bevera.fi\\\/svenska\\\/skarande-pumpar\\\/#primaryimage\"},\"thumbnailUrl\":\"https:\\\/\\\/www.bevera.fi\\\/wp-content\\\/uploads\\\/2017\\\/08\\\/HPGPC200_1.jpg\",\"datePublished\":\"2017-08-25T10:02:36+00:00\",\"dateModified\":\"2017-08-31T12:17:14+00:00\",\"breadcrumb\":{\"@id\":\"https:\\\/\\\/www.bevera.fi\\\/svenska\\\/skarande-pumpar\\\/#breadcrumb\"},\"inLanguage\":\"sv-SE\",\"potentialAction\":[{\"@type\":\"ReadAction\",\"target\":[\"https:\\\/\\\/www.bevera.fi\\\/svenska\\\/skarande-pumpar\\\/\"]}]},{\"@type\":\"ImageObject\",\"inLanguage\":\"sv-SE\",\"@id\":\"https:\\\/\\\/www.bevera.fi\\\/svenska\\\/skarande-pumpar\\\/#primaryimage\",\"url\":\"https:\\\/\\\/www.bevera.fi\\\/wp-content\\\/uploads\\\/2017\\\/08\\\/HPGPC200_1.jpg\",\"contentUrl\":\"https:\\\/\\\/www.bevera.fi\\\/wp-content\\\/uploads\\\/2017\\\/08\\\/HPGPC200_1.jpg\"},{\"@type\":\"BreadcrumbList\",\"@id\":\"https:\\\/\\\/www.bevera.fi\\\/svenska\\\/skarande-pumpar\\\/#breadcrumb\",\"itemListElement\":[{\"@type\":\"ListItem\",\"position\":1,\"name\":\"Home\",\"item\":\"https:\\\/\\\/www.bevera.fi\\\/svenska\\\/\"},{\"@type\":\"ListItem\",\"position\":2,\"name\":\"Sk\u00e4rande pumpar\"}]},{\"@type\":\"WebSite\",\"@id\":\"https:\\\/\\\/www.bevera.fi\\\/svenska\\\/#website\",\"url\":\"https:\\\/\\\/www.bevera.fi\\\/svenska\\\/\",\"name\":\"Bevera AB - pumpar - leverant\u00f6r av utrustning f\u00f6r kommunal vattenf\u00f6rs\u00f6rjning\",\"description\":\"\",\"potentialAction\":[{\"@type\":\"SearchAction\",\"target\":{\"@type\":\"EntryPoint\",\"urlTemplate\":\"https:\\\/\\\/www.bevera.fi\\\/svenska\\\/?s={search_term_string}\"},\"query-input\":{\"@type\":\"PropertyValueSpecification\",\"valueRequired\":true,\"valueName\":\"search_term_string\"}}],\"inLanguage\":\"sv-SE\"}]}<\/script>\n<!-- \/ Yoast SEO plugin. -->","yoast_head_json":{"title":"LPS-pump | Bevera skruvpump, sk\u00e4rande pump, avloppspump","robots":{"index":"index","follow":"follow","max-snippet":"max-snippet:-1","max-image-preview":"max-image-preview:large","max-video-preview":"max-video-preview:-1"},"canonical":"https:\/\/www.bevera.fi\/svenska\/skarande-pumpar\/","og_locale":"sv_SE","og_type":"article","og_title":"LPS-pump | Bevera skruvpump, sk\u00e4rande pump, avloppspump","og_description":"HPD200 skruvpumpar Den sk\u00e4rande pumpen Hydromatic HPD200 \u00e4r en excenterskruvpump och den \u00e4r konstruerad f\u00f6r pumpning av hush\u00e5llsavloppsvatten. HPD200 \u00e4r synnerligen l\u00e4mpad att fungera i tryckavloppssystem f\u00f6r uppsamling av avloppsvatten fr\u00e5n hush\u00e5ll och sommarstugor i glesbygden, d\u00e4r det f\u00f6ruts\u00e4tts pumpar med mycket h\u00f6g lyfth\u00f6jdskapacitet. Pumpen \u00e4r f\u00f6rsedd med en tryckavg\u00e5ng i dimensionen 1\u00bc\u201d (32 mm)...","og_url":"https:\/\/www.bevera.fi\/svenska\/skarande-pumpar\/","og_site_name":"Bevera AB - pumpar - leverant\u00f6r av utrustning f\u00f6r kommunal vattenf\u00f6rs\u00f6rjning","article_modified_time":"2017-08-31T12:17:14+00:00","og_image":[{"url":"https:\/\/www.bevera.fi\/wp-content\/uploads\/2017\/08\/HPGPC200_1.jpg","type":"","width":"","height":""}],"twitter_card":"summary_large_image","twitter_misc":{"Ber\u00e4knad l\u00e4stid":"2 minuter"},"schema":{"@context":"https:\/\/schema.org","@graph":[{"@type":"WebPage","@id":"https:\/\/www.bevera.fi\/svenska\/skarande-pumpar\/","url":"https:\/\/www.bevera.fi\/svenska\/skarande-pumpar\/","name":"LPS-pump | Bevera skruvpump, sk\u00e4rande pump, avloppspump","isPartOf":{"@id":"https:\/\/www.bevera.fi\/svenska\/#website"},"primaryImageOfPage":{"@id":"https:\/\/www.bevera.fi\/svenska\/skarande-pumpar\/#primaryimage"},"image":{"@id":"https:\/\/www.bevera.fi\/svenska\/skarande-pumpar\/#primaryimage"},"thumbnailUrl":"https:\/\/www.bevera.fi\/wp-content\/uploads\/2017\/08\/HPGPC200_1.jpg","datePublished":"2017-08-25T10:02:36+00:00","dateModified":"2017-08-31T12:17:14+00:00","breadcrumb":{"@id":"https:\/\/www.bevera.fi\/svenska\/skarande-pumpar\/#breadcrumb"},"inLanguage":"sv-SE","potentialAction":[{"@type":"ReadAction","target":["https:\/\/www.bevera.fi\/svenska\/skarande-pumpar\/"]}]},{"@type":"ImageObject","inLanguage":"sv-SE","@id":"https:\/\/www.bevera.fi\/svenska\/skarande-pumpar\/#primaryimage","url":"https:\/\/www.bevera.fi\/wp-content\/uploads\/2017\/08\/HPGPC200_1.jpg","contentUrl":"https:\/\/www.bevera.fi\/wp-content\/uploads\/2017\/08\/HPGPC200_1.jpg"},{"@type":"BreadcrumbList","@id":"https:\/\/www.bevera.fi\/svenska\/skarande-pumpar\/#breadcrumb","itemListElement":[{"@type":"ListItem","position":1,"name":"Home","item":"https:\/\/www.bevera.fi\/svenska\/"},{"@type":"ListItem","position":2,"name":"Sk\u00e4rande pumpar"}]},{"@type":"WebSite","@id":"https:\/\/www.bevera.fi\/svenska\/#website","url":"https:\/\/www.bevera.fi\/svenska\/","name":"Bevera AB - pumpar - leverant\u00f6r av utrustning f\u00f6r kommunal vattenf\u00f6rs\u00f6rjning","description":"","potentialAction":[{"@type":"SearchAction","target":{"@type":"EntryPoint","urlTemplate":"https:\/\/www.bevera.fi\/svenska\/?s={search_term_string}"},"query-input":{"@type":"PropertyValueSpecification","valueRequired":true,"valueName":"search_term_string"}}],"inLanguage":"sv-SE"}]}},"_links":{"self":[{"href":"https:\/\/www.bevera.fi\/svenska\/wp-json\/wp\/v2\/pages\/13","targetHints":{"allow":["GET"]}}],"collection":[{"href":"https:\/\/www.bevera.fi\/svenska\/wp-json\/wp\/v2\/pages"}],"about":[{"href":"https:\/\/www.bevera.fi\/svenska\/wp-json\/wp\/v2\/types\/page"}],"author":[{"embeddable":true,"href":"https:\/\/www.bevera.fi\/svenska\/wp-json\/wp\/v2\/users\/1"}],"replies":[{"embeddable":true,"href":"https:\/\/www.bevera.fi\/svenska\/wp-json\/wp\/v2\/comments?post=13"}],"version-history":[{"count":8,"href":"https:\/\/www.bevera.fi\/svenska\/wp-json\/wp\/v2\/pages\/13\/revisions"}],"predecessor-version":[{"id":67,"href":"https:\/\/www.bevera.fi\/svenska\/wp-json\/wp\/v2\/pages\/13\/revisions\/67"}],"wp:attachment":[{"href":"https:\/\/www.bevera.fi\/svenska\/wp-json\/wp\/v2\/media?parent=13"}],"curies":[{"name":"wp","href":"https:\/\/api.w.org\/{rel}","templated":true}]}}